{"id":22,"date":"2014-03-16T15:26:32","date_gmt":"2014-03-16T13:26:32","guid":{"rendered":"http:\/\/jakobbecher.dernbach-online.com\/mvalp\/?page_id=22"},"modified":"2024-07-19T13:59:23","modified_gmt":"2024-07-19T11:59:23","slug":"uebernachtsungsmoeglichkeiten","status":"publish","type":"page","link":"http:\/\/alpengaudi-dernbach.de\/?page_id=22","title":{"rendered":"\u00dcbernachtungsm\u00f6glichkeiten"},"content":{"rendered":"<p>In der Region um Dernbach finden sich einige kleine aber feine Hotels in denen unsere G\u00e4ste aus weiter Ferne \u00fcbernachten k\u00f6nnen. Hier findet ihr ein paar links zu Hotels im Umkreis von 5 Kilometern. Bitte wendet euch selbst an die jeweiligen Hotels wenn ihr im Westerwald \u00fcbernachten wollt.<\/p>\n<p>Hotel Paffhausen in Wirges<br \/>\n<a href=\"http:\/\/www.hotel-paffhausen.de\/\" target=\"_blank\" rel=\"noopener\">http:\/\/www.hotel-paffhausen.<wbr \/>de\/<\/a><\/p>\n<p>Hotels in Montabaur<br \/>\n<a href=\"http:\/\/www.hotel-schlemmer.de\/\" target=\"_blank\" rel=\"noopener\">http:\/\/www.hotel-schlemmer.de\/<\/a><\/p>\n<p><a href=\"http:\/\/www.hotel-peterstor.de\/\" target=\"_blank\" rel=\"noopener\">http:\/\/www.hotel-peterstor.de\/<\/a><\/p>\n<p><a href=\"http:\/\/www.hotel-loewenguth.com\/\" target=\"_blank\" rel=\"noopener\">http:\/\/www.hotel-loewenguth.<wbr \/>com\/<\/a><\/p>\n<p><a href=\"http:\/\/www.posthotel-montabaur.de\/\" target=\"_blank\" rel=\"noopener\">http:\/\/www.posthotel-<wbr \/>montabaur.de\/<\/a><\/p>\n","protected":false},"excerpt":{"rendered":"<p>In der Region um Dernbach finden sich einige kleine aber feine Hotels in denen unsere G\u00e4ste aus weiter Ferne \u00fcbernachten k\u00f6nnen. Hier findet ihr ein paar links zu Hotels im Umkreis von 5 Kilometern. Bitte wendet euch selbst an die jeweiligen Hotels wenn ihr im Westerwald \u00fcbernachten wollt. Hotel Paffhausen in Wirges http:\/\/www.hotel-paffhausen.de\/ Hotels in [&hellip;]<\/p>\n","protected":false},"author":2,"featured_media":0,"parent":0,"menu_order":0,"comment_status":"closed","ping_status":"closed","template":"","meta":{"footnotes":""},"class_list":["post-22","page","type-page","status-publish","hentry"],"_links":{"self":[{"href":"http:\/\/alpengaudi-dernbach.de\/index.php?rest_route=\/wp\/v2\/pages\/22","targetHints":{"allow":["GET"]}}],"collection":[{"href":"http:\/\/alpengaudi-dernbach.de\/index.php?rest_route=\/wp\/v2\/pages"}],"about":[{"href":"http:\/\/alpengaudi-dernbach.de\/index.php?rest_route=\/wp\/v2\/types\/page"}],"author":[{"embeddable":true,"href":"http:\/\/alpengaudi-dernbach.de\/index.php?rest_route=\/wp\/v2\/users\/2"}],"replies":[{"embeddable":true,"href":"http:\/\/alpengaudi-dernbach.de\/index.php?rest_route=%2Fwp%2Fv2%2Fcomments&post=22"}],"version-history":[{"count":6,"href":"http:\/\/alpengaudi-dernbach.de\/index.php?rest_route=\/wp\/v2\/pages\/22\/revisions"}],"predecessor-version":[{"id":739,"href":"http:\/\/alpengaudi-dernbach.de\/index.php?rest_route=\/wp\/v2\/pages\/22\/revisions\/739"}],"wp:attachment":[{"href":"http:\/\/alpengaudi-dernbach.de\/index.php?rest_route=%2Fwp%2Fv2%2Fmedia&parent=22"}],"curies":[{"name":"wp","href":"https:\/\/api.w.org\/{rel}","templated":true}]}}