{"id":24,"date":"2014-03-16T15:26:45","date_gmt":"2014-03-16T13:26:45","guid":{"rendered":"http:\/\/jakobbecher.dernbach-online.com\/mvalp\/?page_id=24"},"modified":"2014-05-27T16:53:35","modified_gmt":"2014-05-27T14:53:35","slug":"geschichte-des-mv-dernbach","status":"publish","type":"page","link":"http:\/\/alpengaudi-dernbach.de\/?page_id=24","title":{"rendered":"Geschichte des MV Dernbach"},"content":{"rendered":"<p>Wir, der Musikverein Dernbach e.V., sind ein Mittelstufenorchester mit zurzeit etwa 30 aktiven Musikerinnen und Musikern im Alter von 12 bis 72 Jahre.<\/p>\n<p>Unsere musikalische Bandbreite erstreckt sich von der Unterhaltungsmusik bis zur gehobenen, konzertanten Musik.<\/p>\n<p>Das Repertoire ist breit gef\u00e4chert und beinhaltet alles von der Polka \u00fcber den Marsch bis zu Musical- und Opernmelodien.<\/p>\n<p>Unsere musikalischen Aktivit\u00e4ten im Laufe eines Jahres sind Fr\u00fchschoppenkonzerte, Umz\u00fcge, kirchliche Veranstaltungen und ein Fr\u00fchjahrskonzert.<\/p>\n<p>Das Fr\u00fchjahrskonzert findet regelm\u00e4\u00dfig im April\/Mai in der Schulturnhalle in Dernbach statt.<\/p>\n<p>Weitere H\u00f6hepunkte des Vereinsjahres sind Musik am Dorfplatz und das Oktoberfest in der Turnhalle in Dernbach.<\/p>\n<p>Ein besonderer Schwerpunkt der Arbeit des Musikvereins Dernbach e.V. stellt die Jugendarbeit mit drei Jugendabteilungen dar:<\/p>\n<p>Die musikalische Grundausbildung<b><br \/>\n<\/b>Das Ausbildungsorchester<b><br \/>\n<\/b>Das Jugendorchester<\/p>\n<p>Neben der musikalischen Arbeit runden gemeinsame Aktivit\u00e4ten, wie Jugendzeltlager oder Vereinsausfl\u00fcge das Jahr des Musikverein Dernbach e.V. ab.<\/p>\n<p>Durch unsere zwei Uniformen (Westerw\u00e4lder Tracht und Konzertanzug) k\u00f6nnen wir uns auch optisch dem entsprechenden Anlass anpassen.<\/p>\n<p>Das schon seit Jahren bestehende Motto <b>Musik macht Freunde<\/b> haben wir uns zum Logo gemacht.<\/p>\n<p>Wir hoffen, dass wir noch viele Freunde gewinnen k\u00f6nnen!<\/p>\n","protected":false},"excerpt":{"rendered":"<p>Wir, der Musikverein Dernbach e.V., sind ein Mittelstufenorchester mit zurzeit etwa 30 aktiven Musikerinnen und Musikern im Alter von 12 bis 72 Jahre. Unsere musikalische Bandbreite erstreckt sich von der Unterhaltungsmusik bis zur gehobenen, konzertanten Musik. Das Repertoire ist breit gef\u00e4chert und beinhaltet alles von der Polka \u00fcber den Marsch bis zu Musical- und Opernmelodien. [&hellip;]<\/p>\n","protected":false},"author":2,"featured_media":0,"parent":0,"menu_order":0,"comment_status":"closed","ping_status":"closed","template":"","meta":{"footnotes":""},"class_list":["post-24","page","type-page","status-publish","hentry"],"_links":{"self":[{"href":"http:\/\/alpengaudi-dernbach.de\/index.php?rest_route=\/wp\/v2\/pages\/24","targetHints":{"allow":["GET"]}}],"collection":[{"href":"http:\/\/alpengaudi-dernbach.de\/index.php?rest_route=\/wp\/v2\/pages"}],"about":[{"href":"http:\/\/alpengaudi-dernbach.de\/index.php?rest_route=\/wp\/v2\/types\/page"}],"author":[{"embeddable":true,"href":"http:\/\/alpengaudi-dernbach.de\/index.php?rest_route=\/wp\/v2\/users\/2"}],"replies":[{"embeddable":true,"href":"http:\/\/alpengaudi-dernbach.de\/index.php?rest_route=%2Fwp%2Fv2%2Fcomments&post=24"}],"version-history":[{"count":3,"href":"http:\/\/alpengaudi-dernbach.de\/index.php?rest_route=\/wp\/v2\/pages\/24\/revisions"}],"predecessor-version":[{"id":238,"href":"http:\/\/alpengaudi-dernbach.de\/index.php?rest_route=\/wp\/v2\/pages\/24\/revisions\/238"}],"wp:attachment":[{"href":"http:\/\/alpengaudi-dernbach.de\/index.php?rest_route=%2Fwp%2Fv2%2Fmedia&parent=24"}],"curies":[{"name":"wp","href":"https:\/\/api.w.org\/{rel}","templated":true}]}}