{"id":305,"date":"2015-06-06T15:32:44","date_gmt":"2015-06-06T13:32:44","guid":{"rendered":"http:\/\/alpengaudi-dernbach.de\/?page_id=305"},"modified":"2025-07-23T06:51:31","modified_gmt":"2025-07-23T04:51:31","slug":"bandvorstellung","status":"publish","type":"page","link":"http:\/\/alpengaudi-dernbach.de\/?page_id=305","title":{"rendered":"Bandvorstellung"},"content":{"rendered":"\n<figure class=\"wp-block-image size-large\"><img loading=\"lazy\" decoding=\"async\" width=\"1024\" height=\"554\" src=\"https:\/\/alpengaudi-dernbach.de\/wp-content\/uploads\/2025\/07\/Gruppenbild-normal-1024x554.jpg\" alt=\"\" class=\"wp-image-790\" srcset=\"http:\/\/alpengaudi-dernbach.de\/wp-content\/uploads\/2025\/07\/Gruppenbild-normal-1024x554.jpg 1024w, http:\/\/alpengaudi-dernbach.de\/wp-content\/uploads\/2025\/07\/Gruppenbild-normal-300x162.jpg 300w, http:\/\/alpengaudi-dernbach.de\/wp-content\/uploads\/2025\/07\/Gruppenbild-normal-768x415.jpg 768w, http:\/\/alpengaudi-dernbach.de\/wp-content\/uploads\/2025\/07\/Gruppenbild-normal-1536x830.jpg 1536w, http:\/\/alpengaudi-dernbach.de\/wp-content\/uploads\/2025\/07\/Gruppenbild-normal-2048x1107.jpg 2048w, http:\/\/alpengaudi-dernbach.de\/wp-content\/uploads\/2025\/07\/Gruppenbild-normal-624x337.jpg 624w\" sizes=\"auto, (max-width: 1024px) 100vw, 1024px\" \/><\/figure>\n\n\n<p>&#8222;Die Blasmusik ist unser Leben!!!<\/p>\n<p>Schon von Kindesbeinen an leben und lieben wir die Egerl\u00e4nder und b\u00f6hmischen Melodien.<\/p>\n<p>Wir, das sind 10 junge und junggebliebene Musiker aus dem Oberkirchspiel. In dieser kleinen Besetzung freuen wir uns mit Schwung und musikalischer Erfahrung das Lebensgef\u00fchl aus dem Egerland und B\u00f6hmen, Bayern und S\u00fcdtirol auf unsere Zuh\u00f6rer zu transportieren.<\/p>\n<p>Geographisch finden Sie das Oberkirchspiel aber weder in B\u00f6hmen, noch im Egerland oder S\u00fcdtirol. Das Oberkirchspiel liegt mitten im sch\u00f6nen Westerwald.<\/p>\n<p>Ab dem 15. Jahrhundert war die kleine Kirche im K\u00f6lbinger Ortsteil Sch\u00f6nberg eine Filialkirche der Mutterkirche Salz und somit das sogenannte Oberkirchspiel. 1662 wurde die Pfarrei Sch\u00f6nberg zwar selbstst\u00e4ndig, den Namen \u201eOberkirchspiel\u201c behielten die Orte rund um K\u00f6lbingen aber nach wie vor.<\/p>\n<p>So entstanden wir, die \u201eOberkirchspiel-Musikanten\u201c 2017 aus K\u00f6lbingen und den umliegenden Gemeinden.<\/p>\n<p>Freuen Sie sich mit uns auf altbekannte und topmoderne Polkas, z\u00fcnftige M\u00e4rsche sowie Stimmungslieder zum Mitsingen und Tanzen.<\/p>\n<p>B\u00f6hmische Musik vom Allerfeinsten f\u00fcr Jung und Alt.&#8220;<\/p>","protected":false},"excerpt":{"rendered":"<p>&#8222;Die Blasmusik ist unser Leben!!! Schon von Kindesbeinen an leben und lieben wir die Egerl\u00e4nder und b\u00f6hmischen Melodien. Wir, das sind 10 junge und junggebliebene Musiker aus dem Oberkirchspiel. In dieser kleinen Besetzung freuen wir uns mit Schwung und musikalischer Erfahrung das Lebensgef\u00fchl aus dem Egerland und B\u00f6hmen, Bayern und S\u00fcdtirol auf unsere Zuh\u00f6rer zu [&hellip;]<\/p>\n","protected":false},"author":2,"featured_media":0,"parent":0,"menu_order":0,"comment_status":"closed","ping_status":"open","template":"","meta":{"footnotes":""},"class_list":["post-305","page","type-page","status-publish","hentry"],"_links":{"self":[{"href":"http:\/\/alpengaudi-dernbach.de\/index.php?rest_route=\/wp\/v2\/pages\/305","targetHints":{"allow":["GET"]}}],"collection":[{"href":"http:\/\/alpengaudi-dernbach.de\/index.php?rest_route=\/wp\/v2\/pages"}],"about":[{"href":"http:\/\/alpengaudi-dernbach.de\/index.php?rest_route=\/wp\/v2\/types\/page"}],"author":[{"embeddable":true,"href":"http:\/\/alpengaudi-dernbach.de\/index.php?rest_route=\/wp\/v2\/users\/2"}],"replies":[{"embeddable":true,"href":"http:\/\/alpengaudi-dernbach.de\/index.php?rest_route=%2Fwp%2Fv2%2Fcomments&post=305"}],"version-history":[{"count":10,"href":"http:\/\/alpengaudi-dernbach.de\/index.php?rest_route=\/wp\/v2\/pages\/305\/revisions"}],"predecessor-version":[{"id":789,"href":"http:\/\/alpengaudi-dernbach.de\/index.php?rest_route=\/wp\/v2\/pages\/305\/revisions\/789"}],"wp:attachment":[{"href":"http:\/\/alpengaudi-dernbach.de\/index.php?rest_route=%2Fwp%2Fv2%2Fmedia&parent=305"}],"curies":[{"name":"wp","href":"https:\/\/api.w.org\/{rel}","templated":true}]}}