{"id":87,"date":"2014-04-12T14:55:36","date_gmt":"2014-04-12T12:55:36","guid":{"rendered":"http:\/\/alpengaudi-dernbach.de\/?page_id=87"},"modified":"2014-04-14T10:07:22","modified_gmt":"2014-04-14T08:07:22","slug":"sponsoren","status":"publish","type":"page","link":"http:\/\/alpengaudi-dernbach.de\/?page_id=87","title":{"rendered":"Sponsoren"},"content":{"rendered":"<p>Auf dieser Seite findet ihr die Logos und Links zu unseren Sponsoren. Wir m\u00f6chten uns an dieser Stelle ganz herzlich bei allen Sponsoren f\u00fcr ihre Unterst\u00fctzung bedanken! Ohne die tolle Unterst\u00fctzung dieser Unternehmen w\u00e4re die Dernbacher Alpengaudi in dieser Form nicht m\u00f6glich gewesen.<\/p>\n<p><a href=\"http:\/\/www.elektro-schmitz-wirges.de\/\" target=\"_blank\"><img loading=\"lazy\" decoding=\"async\" class=\"alignnone  wp-image-81\" alt=\"Elektro Schmitz\" src=\"http:\/\/alpengaudi-dernbach.de\/wp-content\/uploads\/2014\/01\/Elektro-Schmitz-1024x679.jpg\" width=\"300\" height=\"199\" srcset=\"http:\/\/alpengaudi-dernbach.de\/wp-content\/uploads\/2014\/01\/Elektro-Schmitz-1024x679.jpg 1024w, http:\/\/alpengaudi-dernbach.de\/wp-content\/uploads\/2014\/01\/Elektro-Schmitz-300x199.jpg 300w, http:\/\/alpengaudi-dernbach.de\/wp-content\/uploads\/2014\/01\/Elektro-Schmitz-624x414.jpg 624w, http:\/\/alpengaudi-dernbach.de\/wp-content\/uploads\/2014\/01\/Elektro-Schmitz.jpg 1303w\" sizes=\"auto, (max-width: 300px) 100vw, 300px\" \/><\/a><a href=\"http:\/\/www.westerwaldbank.de\" target=\"_blank\"><img loading=\"lazy\" decoding=\"async\" class=\"alignnone  wp-image-83\" alt=\"westerwald Bank 1\" src=\"http:\/\/alpengaudi-dernbach.de\/wp-content\/uploads\/2014\/01\/westerwald-Bank-1-1024x568.jpg\" width=\"300\" height=\"166\" srcset=\"http:\/\/alpengaudi-dernbach.de\/wp-content\/uploads\/2014\/01\/westerwald-Bank-1-1024x568.jpg 1024w, http:\/\/alpengaudi-dernbach.de\/wp-content\/uploads\/2014\/01\/westerwald-Bank-1-300x166.jpg 300w, http:\/\/alpengaudi-dernbach.de\/wp-content\/uploads\/2014\/01\/westerwald-Bank-1-624x346.jpg 624w\" sizes=\"auto, (max-width: 300px) 100vw, 300px\" \/><\/a><\/p>\n<p><a href=\"http:\/\/www.ahschmitz.de\/\" target=\"_blank\"><img loading=\"lazy\" decoding=\"async\" class=\"alignnone  wp-image-79\" alt=\"Seat Schmitz\" src=\"http:\/\/alpengaudi-dernbach.de\/wp-content\/uploads\/2014\/01\/Seat-Schmitz.jpg\" width=\"300\" height=\"64\" srcset=\"http:\/\/alpengaudi-dernbach.de\/wp-content\/uploads\/2014\/01\/Seat-Schmitz.jpg 584w, http:\/\/alpengaudi-dernbach.de\/wp-content\/uploads\/2014\/01\/Seat-Schmitz-300x64.jpg 300w\" sizes=\"auto, (max-width: 300px) 100vw, 300px\" \/><\/a><a href=\"http:\/\/www.envirofalk.com\" target=\"_blank\"><img loading=\"lazy\" decoding=\"async\" class=\"alignnone  wp-image-80\" alt=\"EnviroFALK\" src=\"http:\/\/alpengaudi-dernbach.de\/wp-content\/uploads\/2014\/01\/EnviroFALK.jpg\" width=\"300\" height=\"113\" srcset=\"http:\/\/alpengaudi-dernbach.de\/wp-content\/uploads\/2014\/01\/EnviroFALK.jpg 789w, http:\/\/alpengaudi-dernbach.de\/wp-content\/uploads\/2014\/01\/EnviroFALK-300x112.jpg 300w, http:\/\/alpengaudi-dernbach.de\/wp-content\/uploads\/2014\/01\/EnviroFALK-624x234.jpg 624w\" sizes=\"auto, (max-width: 300px) 100vw, 300px\" \/><\/a><\/p>\n<p><a href=\"http:\/\/www.partyservice-afischer.de\" target=\"_blank\"><img loading=\"lazy\" decoding=\"async\" class=\"alignnone  wp-image-82\" alt=\"Partyservice Fischer\" src=\"http:\/\/alpengaudi-dernbach.de\/wp-content\/uploads\/2014\/01\/Partyservice-Fischer-1024x723.jpg\" width=\"300\" height=\"212\" srcset=\"http:\/\/alpengaudi-dernbach.de\/wp-content\/uploads\/2014\/01\/Partyservice-Fischer-1024x723.jpg 1024w, http:\/\/alpengaudi-dernbach.de\/wp-content\/uploads\/2014\/01\/Partyservice-Fischer-300x212.jpg 300w, http:\/\/alpengaudi-dernbach.de\/wp-content\/uploads\/2014\/01\/Partyservice-Fischer-624x441.jpg 624w, http:\/\/alpengaudi-dernbach.de\/wp-content\/uploads\/2014\/01\/Partyservice-Fischer.jpg 1754w\" sizes=\"auto, (max-width: 300px) 100vw, 300px\" \/><\/a><a href=\"http:\/\/www.ksk-westerwald.de\" target=\"_blank\"><img loading=\"lazy\" decoding=\"async\" class=\"alignnone  wp-image-157\" alt=\"ksk\" src=\"http:\/\/alpengaudi-dernbach.de\/wp-content\/uploads\/2014\/04\/ksk-1024x450.jpg\" width=\"300\" height=\"131\" srcset=\"http:\/\/alpengaudi-dernbach.de\/wp-content\/uploads\/2014\/04\/ksk-1024x450.jpg 1024w, http:\/\/alpengaudi-dernbach.de\/wp-content\/uploads\/2014\/04\/ksk-300x131.jpg 300w, http:\/\/alpengaudi-dernbach.de\/wp-content\/uploads\/2014\/04\/ksk-624x274.jpg 624w, http:\/\/alpengaudi-dernbach.de\/wp-content\/uploads\/2014\/04\/ksk.jpg 1707w\" sizes=\"auto, (max-width: 300px) 100vw, 300px\" \/><\/a><\/p>\n<p><img loading=\"lazy\" decoding=\"async\" class=\"alignnone  wp-image-118\" alt=\"Rebstockfriseur\" src=\"http:\/\/alpengaudi-dernbach.de\/wp-content\/uploads\/2014\/04\/Rebstockfriseur.jpg\" width=\"300\" height=\"192\" srcset=\"http:\/\/alpengaudi-dernbach.de\/wp-content\/uploads\/2014\/04\/Rebstockfriseur.jpg 991w, http:\/\/alpengaudi-dernbach.de\/wp-content\/uploads\/2014\/04\/Rebstockfriseur-300x191.jpg 300w, http:\/\/alpengaudi-dernbach.de\/wp-content\/uploads\/2014\/04\/Rebstockfriseur-624x399.jpg 624w\" sizes=\"auto, (max-width: 300px) 100vw, 300px\" \/><a href=\"http:\/\/www.opel-gerlach.de\" target=\"_blank\"><img loading=\"lazy\" decoding=\"async\" class=\"alignnone  wp-image-134\" alt=\"Gerlach\" src=\"http:\/\/alpengaudi-dernbach.de\/wp-content\/uploads\/2014\/04\/Gerlach-1024x592.jpg\" width=\"300\" height=\"173\" srcset=\"http:\/\/alpengaudi-dernbach.de\/wp-content\/uploads\/2014\/04\/Gerlach-1024x592.jpg 1024w, http:\/\/alpengaudi-dernbach.de\/wp-content\/uploads\/2014\/04\/Gerlach-300x173.jpg 300w, http:\/\/alpengaudi-dernbach.de\/wp-content\/uploads\/2014\/04\/Gerlach-624x361.jpg 624w, http:\/\/alpengaudi-dernbach.de\/wp-content\/uploads\/2014\/04\/Gerlach.jpg 1509w\" sizes=\"auto, (max-width: 300px) 100vw, 300px\" \/><\/a><\/p>\n<p><img loading=\"lazy\" decoding=\"async\" class=\"alignnone  wp-image-119\" alt=\"Celik Bau\" src=\"http:\/\/alpengaudi-dernbach.de\/wp-content\/uploads\/2014\/04\/Celik-Bau-1024x677.jpg\" width=\"300\" height=\"198\" srcset=\"http:\/\/alpengaudi-dernbach.de\/wp-content\/uploads\/2014\/04\/Celik-Bau-1024x677.jpg 1024w, http:\/\/alpengaudi-dernbach.de\/wp-content\/uploads\/2014\/04\/Celik-Bau-300x198.jpg 300w, http:\/\/alpengaudi-dernbach.de\/wp-content\/uploads\/2014\/04\/Celik-Bau-624x412.jpg 624w, http:\/\/alpengaudi-dernbach.de\/wp-content\/uploads\/2014\/04\/Celik-Bau.jpg 1753w\" sizes=\"auto, (max-width: 300px) 100vw, 300px\" \/><a href=\"http:\/\/www.kunststofffensterbau.com\/\" target=\"_blank\"><img loading=\"lazy\" decoding=\"async\" class=\"alignnone  wp-image-144\" alt=\"Lindemann\" src=\"http:\/\/alpengaudi-dernbach.de\/wp-content\/uploads\/2014\/04\/Lindemann.jpg\" width=\"300\" height=\"227\" srcset=\"http:\/\/alpengaudi-dernbach.de\/wp-content\/uploads\/2014\/04\/Lindemann.jpg 772w, http:\/\/alpengaudi-dernbach.de\/wp-content\/uploads\/2014\/04\/Lindemann-300x227.jpg 300w, http:\/\/alpengaudi-dernbach.de\/wp-content\/uploads\/2014\/04\/Lindemann-624x473.jpg 624w\" sizes=\"auto, (max-width: 300px) 100vw, 300px\" \/><\/a><\/p>\n<p><a href=\"http:\/\/www.koch-dach.de\/\" target=\"_blank\"><img loading=\"lazy\" decoding=\"async\" class=\"alignnone  wp-image-149\" alt=\"Koch Bedachungen\" src=\"http:\/\/alpengaudi-dernbach.de\/wp-content\/uploads\/2014\/04\/Koch-Bedachungen1.jpg\" width=\"300\" height=\"158\" \/><\/a><a href=\"http:\/\/www.taxikespe.de\" target=\"_blank\"><img loading=\"lazy\" decoding=\"async\" class=\"alignnone  wp-image-122\" alt=\"Taxi Kespe\" src=\"http:\/\/alpengaudi-dernbach.de\/wp-content\/uploads\/2014\/04\/Taxi-Kespe-1024x675.jpg\" width=\"300\" height=\"197\" srcset=\"http:\/\/alpengaudi-dernbach.de\/wp-content\/uploads\/2014\/04\/Taxi-Kespe-1024x675.jpg 1024w, http:\/\/alpengaudi-dernbach.de\/wp-content\/uploads\/2014\/04\/Taxi-Kespe-300x197.jpg 300w, http:\/\/alpengaudi-dernbach.de\/wp-content\/uploads\/2014\/04\/Taxi-Kespe-624x411.jpg 624w, http:\/\/alpengaudi-dernbach.de\/wp-content\/uploads\/2014\/04\/Taxi-Kespe.jpg 1445w\" sizes=\"auto, (max-width: 300px) 100vw, 300px\" \/><\/a><\/p>\n<p><a href=\"http:\/\/www.fvg-folien.de\" target=\"_blank\"><img loading=\"lazy\" decoding=\"async\" class=\"alignnone  wp-image-121\" alt=\"FVG\" src=\"http:\/\/alpengaudi-dernbach.de\/wp-content\/uploads\/2014\/04\/FVG-844x1024.jpg\" width=\"248\" height=\"300\" srcset=\"http:\/\/alpengaudi-dernbach.de\/wp-content\/uploads\/2014\/04\/FVG-844x1024.jpg 844w, http:\/\/alpengaudi-dernbach.de\/wp-content\/uploads\/2014\/04\/FVG-247x300.jpg 247w, http:\/\/alpengaudi-dernbach.de\/wp-content\/uploads\/2014\/04\/FVG-624x756.jpg 624w, http:\/\/alpengaudi-dernbach.de\/wp-content\/uploads\/2014\/04\/FVG.jpg 1181w\" sizes=\"auto, (max-width: 248px) 100vw, 248px\" \/><\/a><a href=\"http:\/\/www.grasspedition.de\/\" target=\"_blank\"><img loading=\"lazy\" decoding=\"async\" class=\"alignnone  wp-image-132\" alt=\"Spedition Gras\" src=\"http:\/\/alpengaudi-dernbach.de\/wp-content\/uploads\/2014\/04\/Spedition-Gras2.jpg\" width=\"300\" height=\"291\" srcset=\"http:\/\/alpengaudi-dernbach.de\/wp-content\/uploads\/2014\/04\/Spedition-Gras2.jpg 568w, http:\/\/alpengaudi-dernbach.de\/wp-content\/uploads\/2014\/04\/Spedition-Gras2-300x291.jpg 300w\" sizes=\"auto, (max-width: 300px) 100vw, 300px\" \/><\/a><\/p>\n<p><img loading=\"lazy\" decoding=\"async\" class=\"alignnone  wp-image-148\" alt=\"Friseur Kordula\" src=\"http:\/\/alpengaudi-dernbach.de\/wp-content\/uploads\/2014\/04\/Friseur-Kordula.jpg\" width=\"300\" height=\"198\" srcset=\"http:\/\/alpengaudi-dernbach.de\/wp-content\/uploads\/2014\/04\/Friseur-Kordula.jpg 980w, http:\/\/alpengaudi-dernbach.de\/wp-content\/uploads\/2014\/04\/Friseur-Kordula-300x198.jpg 300w, http:\/\/alpengaudi-dernbach.de\/wp-content\/uploads\/2014\/04\/Friseur-Kordula-624x412.jpg 624w\" sizes=\"auto, (max-width: 300px) 100vw, 300px\" \/><a href=\"http:\/\/www.axa-betreuer.de\/Erhard_Henkes\" target=\"_blank\"><img loading=\"lazy\" decoding=\"async\" class=\"alignnone  wp-image-123\" alt=\"Axa Henkes\" src=\"http:\/\/alpengaudi-dernbach.de\/wp-content\/uploads\/2014\/04\/Axa-Henkes-1024x829.jpg\" width=\"300\" height=\"243\" srcset=\"http:\/\/alpengaudi-dernbach.de\/wp-content\/uploads\/2014\/04\/Axa-Henkes-1024x829.jpg 1024w, http:\/\/alpengaudi-dernbach.de\/wp-content\/uploads\/2014\/04\/Axa-Henkes-300x242.jpg 300w, http:\/\/alpengaudi-dernbach.de\/wp-content\/uploads\/2014\/04\/Axa-Henkes-624x505.jpg 624w, http:\/\/alpengaudi-dernbach.de\/wp-content\/uploads\/2014\/04\/Axa-Henkes.jpg 1520w\" sizes=\"auto, (max-width: 300px) 100vw, 300px\" \/><\/a><\/p>\n<p><a href=\"http:\/\/www.bauelemente-jung.de\/\" target=\"_blank\"><img loading=\"lazy\" decoding=\"async\" class=\"alignnone  wp-image-127\" alt=\"Jung Bauelemente\" src=\"http:\/\/alpengaudi-dernbach.de\/wp-content\/uploads\/2014\/04\/Jung-Bauelemente-1024x671.jpg\" width=\"300\" height=\"196\" srcset=\"http:\/\/alpengaudi-dernbach.de\/wp-content\/uploads\/2014\/04\/Jung-Bauelemente-1024x671.jpg 1024w, http:\/\/alpengaudi-dernbach.de\/wp-content\/uploads\/2014\/04\/Jung-Bauelemente-300x196.jpg 300w, http:\/\/alpengaudi-dernbach.de\/wp-content\/uploads\/2014\/04\/Jung-Bauelemente-624x409.jpg 624w, http:\/\/alpengaudi-dernbach.de\/wp-content\/uploads\/2014\/04\/Jung-Bauelemente.jpg 1751w\" sizes=\"auto, (max-width: 300px) 100vw, 300px\" \/><\/a><a href=\"http:\/\/www.hoewer-keramik.de\/\" target=\"_blank\"><img loading=\"lazy\" decoding=\"async\" class=\"alignnone  wp-image-129\" alt=\"Markus H\u00f6wer\" src=\"http:\/\/alpengaudi-dernbach.de\/wp-content\/uploads\/2014\/04\/Markus-H\u00f6wer.jpg\" width=\"300\" height=\"202\" srcset=\"http:\/\/alpengaudi-dernbach.de\/wp-content\/uploads\/2014\/04\/Markus-H\u00f6wer.jpg 478w, http:\/\/alpengaudi-dernbach.de\/wp-content\/uploads\/2014\/04\/Markus-H\u00f6wer-300x202.jpg 300w\" sizes=\"auto, (max-width: 300px) 100vw, 300px\" \/><\/a><\/p>\n<p><a href=\"http:\/\/www.bbn-versicherungsmakler.de\/\" target=\"_blank\"><img loading=\"lazy\" decoding=\"async\" class=\"alignnone size-full wp-image-146\" alt=\"bbn\" src=\"http:\/\/alpengaudi-dernbach.de\/wp-content\/uploads\/2014\/04\/bbn.gif\" width=\"134\" height=\"119\" \/><\/a><a href=\"http:\/\/www.naspa.de\/\" target=\"_blank\"><img loading=\"lazy\" decoding=\"async\" class=\"alignnone  wp-image-128\" alt=\"Naspa\" src=\"http:\/\/alpengaudi-dernbach.de\/wp-content\/uploads\/2014\/04\/Naspa.jpg\" width=\"300\" height=\"98\" srcset=\"http:\/\/alpengaudi-dernbach.de\/wp-content\/uploads\/2014\/04\/Naspa.jpg 481w, http:\/\/alpengaudi-dernbach.de\/wp-content\/uploads\/2014\/04\/Naspa-300x98.jpg 300w\" sizes=\"auto, (max-width: 300px) 100vw, 300px\" \/><\/a><\/p>\n<p><a href=\"http:\/\/dernbach-online.com\/gewerbe\/klosterschanke\/\" target=\"_blank\"><img loading=\"lazy\" decoding=\"async\" class=\"alignnone  wp-image-130\" alt=\"Klostersch\u00e4nke\" src=\"http:\/\/alpengaudi-dernbach.de\/wp-content\/uploads\/2014\/04\/Klostersch\u00e4nke.jpg\" width=\"300\" height=\"300\" srcset=\"http:\/\/alpengaudi-dernbach.de\/wp-content\/uploads\/2014\/04\/Klostersch\u00e4nke.jpg 800w, http:\/\/alpengaudi-dernbach.de\/wp-content\/uploads\/2014\/04\/Klostersch\u00e4nke-150x150.jpg 150w, http:\/\/alpengaudi-dernbach.de\/wp-content\/uploads\/2014\/04\/Klostersch\u00e4nke-300x300.jpg 300w, http:\/\/alpengaudi-dernbach.de\/wp-content\/uploads\/2014\/04\/Klostersch\u00e4nke-624x624.jpg 624w\" sizes=\"auto, (max-width: 300px) 100vw, 300px\" \/><\/a><img loading=\"lazy\" decoding=\"async\" class=\"alignnone  wp-image-126\" alt=\"Spedition Wolf\" src=\"http:\/\/alpengaudi-dernbach.de\/wp-content\/uploads\/2014\/04\/Spedition-Wolf.jpg\" width=\"212\" height=\"300\" srcset=\"http:\/\/alpengaudi-dernbach.de\/wp-content\/uploads\/2014\/04\/Spedition-Wolf.jpg 541w, http:\/\/alpengaudi-dernbach.de\/wp-content\/uploads\/2014\/04\/Spedition-Wolf-211x300.jpg 211w\" sizes=\"auto, (max-width: 212px) 100vw, 212px\" \/><\/p>\n<p><a href=\"http:\/\/www.orthen-busreisen.de\/\" target=\"_blank\"><img loading=\"lazy\" decoding=\"async\" class=\"alignnone  wp-image-131\" alt=\"Orthen Reisen\" src=\"http:\/\/alpengaudi-dernbach.de\/wp-content\/uploads\/2014\/04\/Orthen-Reisen-1024x303.jpg\" width=\"300\" height=\"88\" srcset=\"http:\/\/alpengaudi-dernbach.de\/wp-content\/uploads\/2014\/04\/Orthen-Reisen-1024x303.jpg 1024w, http:\/\/alpengaudi-dernbach.de\/wp-content\/uploads\/2014\/04\/Orthen-Reisen-300x88.jpg 300w, http:\/\/alpengaudi-dernbach.de\/wp-content\/uploads\/2014\/04\/Orthen-Reisen-624x184.jpg 624w, http:\/\/alpengaudi-dernbach.de\/wp-content\/uploads\/2014\/04\/Orthen-Reisen.jpg 1223w\" sizes=\"auto, (max-width: 300px) 100vw, 300px\" \/><\/a><a href=\"http:\/\/www.creativteam-dernbach.de\/\" target=\"_blank\"><img loading=\"lazy\" decoding=\"async\" class=\"alignnone  wp-image-151\" alt=\"wanka\" src=\"http:\/\/alpengaudi-dernbach.de\/wp-content\/uploads\/2014\/04\/wanka.jpg\" width=\"155\" height=\"113\" \/><\/a><\/p>\n<p><img loading=\"lazy\" decoding=\"async\" class=\"alignnone  wp-image-150\" alt=\"Olympia\" src=\"http:\/\/alpengaudi-dernbach.de\/wp-content\/uploads\/2014\/04\/Olympia-716x1024.jpg\" width=\"210\" height=\"300\" srcset=\"http:\/\/alpengaudi-dernbach.de\/wp-content\/uploads\/2014\/04\/Olympia-716x1024.jpg 716w, http:\/\/alpengaudi-dernbach.de\/wp-content\/uploads\/2014\/04\/Olympia-210x300.jpg 210w, http:\/\/alpengaudi-dernbach.de\/wp-content\/uploads\/2014\/04\/Olympia-624x891.jpg 624w, http:\/\/alpengaudi-dernbach.de\/wp-content\/uploads\/2014\/04\/Olympia.jpg 1214w\" sizes=\"auto, (max-width: 210px) 100vw, 210px\" \/><a href=\"http:\/\/www.krankengymnastik-braun.de\" target=\"_blank\"><img loading=\"lazy\" decoding=\"async\" class=\"alignnone  wp-image-147\" alt=\"Carmen Braun\" src=\"http:\/\/alpengaudi-dernbach.de\/wp-content\/uploads\/2014\/04\/Carmen-Braun.jpg\" width=\"195\" height=\"300\" srcset=\"http:\/\/alpengaudi-dernbach.de\/wp-content\/uploads\/2014\/04\/Carmen-Braun.jpg 650w, http:\/\/alpengaudi-dernbach.de\/wp-content\/uploads\/2014\/04\/Carmen-Braun-624x963.jpg 624w\" sizes=\"auto, (max-width: 195px) 100vw, 195px\" \/><\/a><\/p>\n<p><a href=\"http:\/\/www.dachdecker-stillger.de\/\" target=\"_blank\"><img loading=\"lazy\" decoding=\"async\" class=\"alignnone  wp-image-143\" alt=\"J\u00fcrgenStillger\" src=\"http:\/\/alpengaudi-dernbach.de\/wp-content\/uploads\/2014\/04\/J\u00fcrgenStillger-1024x903.jpg\" width=\"300\" height=\"264\" srcset=\"http:\/\/alpengaudi-dernbach.de\/wp-content\/uploads\/2014\/04\/J\u00fcrgenStillger-1024x903.jpg 1024w, http:\/\/alpengaudi-dernbach.de\/wp-content\/uploads\/2014\/04\/J\u00fcrgenStillger-300x264.jpg 300w, http:\/\/alpengaudi-dernbach.de\/wp-content\/uploads\/2014\/04\/J\u00fcrgenStillger-624x550.jpg 624w, http:\/\/alpengaudi-dernbach.de\/wp-content\/uploads\/2014\/04\/J\u00fcrgenStillger.jpg 1309w\" sizes=\"auto, (max-width: 300px) 100vw, 300px\" \/><\/a><a href=\"http:\/\/www.nicole-albert.com\/\" target=\"_blank\"><img loading=\"lazy\" decoding=\"async\" class=\"alignnone  wp-image-140\" alt=\"Albert\" src=\"http:\/\/alpengaudi-dernbach.de\/wp-content\/uploads\/2014\/04\/Albert-1024x1019.jpg\" width=\"300\" height=\"298\" srcset=\"http:\/\/alpengaudi-dernbach.de\/wp-content\/uploads\/2014\/04\/Albert-1024x1019.jpg 1024w, http:\/\/alpengaudi-dernbach.de\/wp-content\/uploads\/2014\/04\/Albert-150x150.jpg 150w, http:\/\/alpengaudi-dernbach.de\/wp-content\/uploads\/2014\/04\/Albert-300x298.jpg 300w, http:\/\/alpengaudi-dernbach.de\/wp-content\/uploads\/2014\/04\/Albert-624x620.jpg 624w, http:\/\/alpengaudi-dernbach.de\/wp-content\/uploads\/2014\/04\/Albert.jpg 1237w\" sizes=\"auto, (max-width: 300px) 100vw, 300px\" \/><\/a><\/p>\n<p><a href=\"http:\/\/www.bischoff-shop.de\/\" target=\"_blank\"><img loading=\"lazy\" decoding=\"async\" class=\"alignnone  wp-image-141\" alt=\"bischoff\" src=\"http:\/\/alpengaudi-dernbach.de\/wp-content\/uploads\/2014\/04\/bischoff-1024x580.jpg\" width=\"300\" height=\"169\" srcset=\"http:\/\/alpengaudi-dernbach.de\/wp-content\/uploads\/2014\/04\/bischoff-1024x580.jpg 1024w, http:\/\/alpengaudi-dernbach.de\/wp-content\/uploads\/2014\/04\/bischoff-300x170.jpg 300w, http:\/\/alpengaudi-dernbach.de\/wp-content\/uploads\/2014\/04\/bischoff-624x353.jpg 624w, http:\/\/alpengaudi-dernbach.de\/wp-content\/uploads\/2014\/04\/bischoff.jpg 1417w\" sizes=\"auto, (max-width: 300px) 100vw, 300px\" \/><\/a><a href=\"http:\/\/www.brinke-gmbh.de\/\" target=\"_blank\"><img loading=\"lazy\" decoding=\"async\" class=\"alignnone  wp-image-156\" alt=\"brinke&amp;breuer\" src=\"http:\/\/alpengaudi-dernbach.de\/wp-content\/uploads\/2014\/04\/brinkebreuer.jpg\" width=\"300\" height=\"45\" srcset=\"http:\/\/alpengaudi-dernbach.de\/wp-content\/uploads\/2014\/04\/brinkebreuer.jpg 389w, http:\/\/alpengaudi-dernbach.de\/wp-content\/uploads\/2014\/04\/brinkebreuer-300x45.jpg 300w\" sizes=\"auto, (max-width: 300px) 100vw, 300px\" \/><\/a><\/p>\n","protected":false},"excerpt":{"rendered":"<p>Auf dieser Seite findet ihr die Logos und Links zu unseren Sponsoren. Wir m\u00f6chten uns an dieser Stelle ganz herzlich bei allen Sponsoren f\u00fcr ihre Unterst\u00fctzung bedanken! Ohne die tolle Unterst\u00fctzung dieser Unternehmen w\u00e4re die Dernbacher Alpengaudi in dieser Form nicht m\u00f6glich gewesen.<\/p>\n","protected":false},"author":2,"featured_media":0,"parent":0,"menu_order":0,"comment_status":"closed","ping_status":"open","template":"","meta":{"footnotes":""},"class_list":["post-87","page","type-page","status-publish","hentry"],"_links":{"self":[{"href":"http:\/\/alpengaudi-dernbach.de\/index.php?rest_route=\/wp\/v2\/pages\/87","targetHints":{"allow":["GET"]}}],"collection":[{"href":"http:\/\/alpengaudi-dernbach.de\/index.php?rest_route=\/wp\/v2\/pages"}],"about":[{"href":"http:\/\/alpengaudi-dernbach.de\/index.php?rest_route=\/wp\/v2\/types\/page"}],"author":[{"embeddable":true,"href":"http:\/\/alpengaudi-dernbach.de\/index.php?rest_route=\/wp\/v2\/users\/2"}],"replies":[{"embeddable":true,"href":"http:\/\/alpengaudi-dernbach.de\/index.php?rest_route=%2Fwp%2Fv2%2Fcomments&post=87"}],"version-history":[{"count":13,"href":"http:\/\/alpengaudi-dernbach.de\/index.php?rest_route=\/wp\/v2\/pages\/87\/revisions"}],"predecessor-version":[{"id":160,"href":"http:\/\/alpengaudi-dernbach.de\/index.php?rest_route=\/wp\/v2\/pages\/87\/revisions\/160"}],"wp:attachment":[{"href":"http:\/\/alpengaudi-dernbach.de\/index.php?rest_route=%2Fwp%2Fv2%2Fmedia&parent=87"}],"curies":[{"name":"wp","href":"https:\/\/api.w.org\/{rel}","templated":true}]}}