{"id":90,"date":"2014-04-12T14:58:27","date_gmt":"2014-04-12T12:58:27","guid":{"rendered":"http:\/\/alpengaudi-dernbach.de\/?page_id=90"},"modified":"2025-09-18T16:06:28","modified_gmt":"2025-09-18T14:06:28","slug":"tischreservierung","status":"publish","type":"page","link":"http:\/\/alpengaudi-dernbach.de\/?page_id=90","title":{"rendered":"Tischreservierung"},"content":{"rendered":"<p>Tischreservierungen bieten wir f\u00fcr komplette Tische an. Ihr m\u00fcsst also mindestens 8 Karten abnehmen (Preis 100 EUR), um einen Tisch reservieren zu k\u00f6nnen. F\u00fcr gr\u00f6\u00dfere Personenzahlen geht es dann in 8er Schritten weiter. Erstmalig kann in diesem Jahr auch ein halber Tisch mit 4 Karten zum Preis von 50 EUR reserviert werden. Hier teilen wir euch einen Tisch zu.<\/p>\n<p>Solltet ihr eine Reservierung w\u00fcnschen wendet euch bitte an\u00a0 <a href=\"mailto:tischreservierung@alpengaudi-dernbach.de\" target=\"_blank\" rel=\"noopener noreferrer\">tischreservierung@alpengaudi-dernbach.de<\/a> wir weisen euch dann den besten noch freien Tisch in B\u00fchnenn\u00e4he zu. Danach erhaltet ihr von uns eine Email in der wir euch unsere Bankverbindung mitteilen. Nach dem Zahlungseingang werden die Karten dann an eure Postadresse versendet. Bitte gebt diese also bei eurer Bestellung an. An Versandkosten berechnen wir je Bestellung 2 EUR.<\/p>\n<p>In der Grafik unten k\u00f6nnt ihr sehen welche Tische reservierungsf\u00e4hig sind und welche noch frei sind.<\/p>\n\n\n<figure class=\"wp-block-image size-large\"><a href=\"https:\/\/alpengaudi-dernbach.de\/wp-content\/uploads\/2025\/09\/2025-09-18-Zeltbelegung-rotated.jpg\" target=\"_blank\" rel=\"noreferrer noopener\"><img loading=\"lazy\" decoding=\"async\" width=\"1024\" height=\"724\" src=\"https:\/\/alpengaudi-dernbach.de\/wp-content\/uploads\/2025\/09\/2025-09-18-Zeltbelegung-1024x724.jpg\" alt=\"\" class=\"wp-image-821\" srcset=\"http:\/\/alpengaudi-dernbach.de\/wp-content\/uploads\/2025\/09\/2025-09-18-Zeltbelegung-1024x724.jpg 1024w, http:\/\/alpengaudi-dernbach.de\/wp-content\/uploads\/2025\/09\/2025-09-18-Zeltbelegung-300x212.jpg 300w, http:\/\/alpengaudi-dernbach.de\/wp-content\/uploads\/2025\/09\/2025-09-18-Zeltbelegung-768x543.jpg 768w, http:\/\/alpengaudi-dernbach.de\/wp-content\/uploads\/2025\/09\/2025-09-18-Zeltbelegung-1536x1086.jpg 1536w, http:\/\/alpengaudi-dernbach.de\/wp-content\/uploads\/2025\/09\/2025-09-18-Zeltbelegung-624x441.jpg 624w, http:\/\/alpengaudi-dernbach.de\/wp-content\/uploads\/2025\/09\/2025-09-18-Zeltbelegung-rotated.jpg 1754w\" sizes=\"auto, (max-width: 1024px) 100vw, 1024px\" \/><\/a><\/figure>\n","protected":false},"excerpt":{"rendered":"<p>Tischreservierungen bieten wir f\u00fcr komplette Tische an. Ihr m\u00fcsst also mindestens 8 Karten abnehmen (Preis 100 EUR), um einen Tisch reservieren zu k\u00f6nnen. F\u00fcr gr\u00f6\u00dfere Personenzahlen geht es dann in 8er Schritten weiter. Erstmalig kann in diesem Jahr auch ein halber Tisch mit 4 Karten zum Preis von 50 EUR reserviert werden. Hier teilen wir [&hellip;]<\/p>\n","protected":false},"author":2,"featured_media":0,"parent":0,"menu_order":0,"comment_status":"closed","ping_status":"open","template":"","meta":{"footnotes":""},"class_list":["post-90","page","type-page","status-publish","hentry"],"_links":{"self":[{"href":"http:\/\/alpengaudi-dernbach.de\/index.php?rest_route=\/wp\/v2\/pages\/90","targetHints":{"allow":["GET"]}}],"collection":[{"href":"http:\/\/alpengaudi-dernbach.de\/index.php?rest_route=\/wp\/v2\/pages"}],"about":[{"href":"http:\/\/alpengaudi-dernbach.de\/index.php?rest_route=\/wp\/v2\/types\/page"}],"author":[{"embeddable":true,"href":"http:\/\/alpengaudi-dernbach.de\/index.php?rest_route=\/wp\/v2\/users\/2"}],"replies":[{"embeddable":true,"href":"http:\/\/alpengaudi-dernbach.de\/index.php?rest_route=%2Fwp%2Fv2%2Fcomments&post=90"}],"version-history":[{"count":214,"href":"http:\/\/alpengaudi-dernbach.de\/index.php?rest_route=\/wp\/v2\/pages\/90\/revisions"}],"predecessor-version":[{"id":822,"href":"http:\/\/alpengaudi-dernbach.de\/index.php?rest_route=\/wp\/v2\/pages\/90\/revisions\/822"}],"wp:attachment":[{"href":"http:\/\/alpengaudi-dernbach.de\/index.php?rest_route=%2Fwp%2Fv2%2Fmedia&parent=90"}],"curies":[{"name":"wp","href":"https:\/\/api.w.org\/{rel}","templated":true}]}}